{"id":404,"date":"2021-07-27T20:46:37","date_gmt":"2021-07-27T18:46:37","guid":{"rendered":"https:\/\/goldeal.wpcoder.pl\/?page_id=404"},"modified":"2022-08-16T08:41:23","modified_gmt":"2022-08-16T07:41:23","slug":"about-us","status":"publish","type":"page","link":"https:\/\/goldeal.co.uk\/en\/about-us\/","title":{"rendered":"About Us"},"content":{"rendered":"\t<div class=\"block-title\" data-aos=\"fade-up\">\n\t\t<div class=\"container\">\n\t\t\t\t\t\t<h1>About Us<\/h1>\n\t\t<\/div>\n\t<\/div>\n\n\n\n<section class=\"block block-image-with-content default\" data-aos=\"fade-up\">\n\t<div class=\"image-with-content\">\n\t\t<div class=\"column-image\">\n\t\t\t<img loading=\"lazy\" decoding=\"async\" width=\"1024\" height=\"475\" src=\"https:\/\/goldeal.co.uk\/wp-content\/uploads\/2021\/07\/1-1024x475.jpg\" class=\"attachment-large size-large\" alt=\"\" srcset=\"https:\/\/goldeal.co.uk\/wp-content\/uploads\/2021\/07\/1-1024x475.jpg 1024w, https:\/\/goldeal.co.uk\/wp-content\/uploads\/2021\/07\/1-300x139.jpg 300w, https:\/\/goldeal.co.uk\/wp-content\/uploads\/2021\/07\/1-768x356.jpg 768w, https:\/\/goldeal.co.uk\/wp-content\/uploads\/2021\/07\/1-1536x712.jpg 1536w, https:\/\/goldeal.co.uk\/wp-content\/uploads\/2021\/07\/1-2048x949.jpg 2048w\" sizes=\"auto, (max-width: 1024px) 100vw, 1024px\" \/>\t\t<\/div>\n\t\t<div class=\"column-content\">\n\t\t\t<div class=\"container\"><h3>GOLDeal is a dynamically growing developer, project contractor, and a specialist in the &#8216;Fit-Out&#8217; industry.<\/h3>\n<p>A mixture of immense passion, attention to detail and reliable, hard work driven by decades of experience allows us to turn every vision into SUCCESS.<\/p>\n<\/div>\n\t\t<\/div>\n\t<\/div>\n<\/section>\n\n\n<div class=\"default-block container\">\n<p class=\"has-text-align-center\">According to a study by Edinburgh&#8217;s Heriot-Watt University, Britain is struggling with a housing deficit of 1.2 million households.<\/p>\n<\/div>\n\n<div class=\"default-block container\">\n<p class=\"has-text-align-center\">At the current rate of housing development it will take 15 years to meet the required demand.<\/p>\n<\/div>\n\n<div class=\"default-block container\">\n<p class=\"has-text-align-center font-medium\" style=\"font-size:22px\"><em>GOLDeal&#8217;s development mission is to support the British community in the fight against the constant housing<\/em> <em>deficit.<\/em><\/p>\n<\/div>\n\n<div class=\"default-block container\">\n<p class=\"has-text-align-center\">We meet the expectations of local councils by providing the necessary real estate, thereby reducing private and affordable home shortage.<br>We focus on building high-quality houses, as well as restoring abandoned and neglected properties back to habitable state.<\/p>\n<\/div>\n\n\n<section class=\"block block-image-with-content dark\" data-aos=\"fade-up\">\n\t<div class=\"image-with-content\">\n\t\t<div class=\"column-image\">\n\t\t\t<img loading=\"lazy\" decoding=\"async\" width=\"1024\" height=\"619\" src=\"https:\/\/goldeal.co.uk\/wp-content\/uploads\/2021\/07\/2-1024x619.jpg\" class=\"attachment-large size-large\" alt=\"\" srcset=\"https:\/\/goldeal.co.uk\/wp-content\/uploads\/2021\/07\/2-1024x619.jpg 1024w, https:\/\/goldeal.co.uk\/wp-content\/uploads\/2021\/07\/2-300x181.jpg 300w, https:\/\/goldeal.co.uk\/wp-content\/uploads\/2021\/07\/2-768x464.jpg 768w, https:\/\/goldeal.co.uk\/wp-content\/uploads\/2021\/07\/2-1536x929.jpg 1536w, https:\/\/goldeal.co.uk\/wp-content\/uploads\/2021\/07\/2.jpg 1920w\" sizes=\"auto, (max-width: 1024px) 100vw, 1024px\" \/>\t\t<\/div>\n\t\t<div class=\"column-content\">\n\t\t\t<div class=\"container\"><p>Our contracting services include a full range of works related to the construction and arrangement of the building such as: plastering, painting, tiling, wallpapering, bricklaying, installations, carpentry, transport services and a lot with much under the supervision of qualified staff.<br \/>\nWe also offer full project management and professional advice &#8211; if you know &#8216;What&#8217; but not exactly &#8216;How&#8217;, look no further &#8211; GOLDeal is your perfect investment partner.<\/p>\n<p>We have an exceptional supply chain and access to an international network of specialists, partners, architects and lawyers through our Polish sister company &#8211; Zlote Rece.<br \/>\nIf you share our passion, energy, commitment and values, we sincerely invite you to become our partner.<\/p>\n<\/div>\n\t\t<\/div>\n\t<\/div>\n<\/section>\n\n\n<section class=\"block block-fancy-cta\" data-aos=\"fade-up\">\n\t<div class=\"container\">\n\t\t<div class=\"fancy-cta\">\n\t\t\t\t\t\t\t<div class=\"fancy-cta-prefix\">KNOW OUR<\/div>\n\t\t\t\t\t\t\t\t\t\t<div class=\"fancy-cta-title\">Story<\/div>\n\t\t\t\t\t\t\t\t\t\t<div class=\"stories\">\n\t\t\t\t\t\t\t\t\t\t\t<a href=\"#\" target=\"\" class=\"fancy-cta-content\">\n\t\t\t\t\t\t\t\t\t\t\t\t\t\t\t<span class=\"fancy-cta-content-before\">2011<\/span>\n\t\t\t\t\t\t\t\t\t\t\t\t\t\t<span class=\"fancy-cta-content-text\">Z\u0141OTE R\u0118CE was founded<\/span>\n\t\t\t\t\t\t<\/a>\n\t\t\t\t\t\t\t\t\t\t\t<a href=\"#\" target=\"\" class=\"fancy-cta-content\">\n\t\t\t\t\t\t\t\t\t\t\t\t\t\t\t<span class=\"fancy-cta-content-before\">2013<\/span>\n\t\t\t\t\t\t\t\t\t\t\t\t\t\t<span class=\"fancy-cta-content-text\">fit-out projects for Accenture, PKP and Samsung (3,500 sq m of office space)<\/span>\n\t\t\t\t\t\t<\/a>\n\t\t\t\t\t\t\t\t\t\t\t<a href=\"#\" target=\"\" class=\"fancy-cta-content\">\n\t\t\t\t\t\t\t\t\t\t\t\t\t\t\t<span class=\"fancy-cta-content-before\">2014<\/span>\n\t\t\t\t\t\t\t\t\t\t\t\t\t\t<span class=\"fancy-cta-content-text\">purchase and reconstruction of real estate for a DIY store in \u017bychlin<\/span>\n\t\t\t\t\t\t<\/a>\n\t\t\t\t\t\t\t\t\t\t\t<a href=\"#\" target=\"\" class=\"fancy-cta-content\">\n\t\t\t\t\t\t\t\t\t\t\t\t\t\t\t<span class=\"fancy-cta-content-before\">2015<\/span>\n\t\t\t\t\t\t\t\t\t\t\t\t\t\t<span class=\"fancy-cta-content-text\">opening of the PSB Mr\u00f3wka DIY store in \u017bychlin<\/span>\n\t\t\t\t\t\t<\/a>\n\t\t\t\t\t\t\t\t\t\t\t<a href=\"#\" target=\"\" class=\"fancy-cta-content\">\n\t\t\t\t\t\t\t\t\t\t\t\t\t\t\t<span class=\"fancy-cta-content-before\">2016<\/span>\n\t\t\t\t\t\t\t\t\t\t\t\t\t\t<span class=\"fancy-cta-content-text\">GOLDeal Limited is established<\/span>\n\t\t\t\t\t\t<\/a>\n\t\t\t\t\t\t\t\t\t\t\t<a href=\"#\" target=\"\" class=\"fancy-cta-content\">\n\t\t\t\t\t\t\t\t\t\t\t\t\t\t\t<span class=\"fancy-cta-content-before\">2017<\/span>\n\t\t\t\t\t\t\t\t\t\t\t\t\t\t<span class=\"fancy-cta-content-text\">fit-out works for Fujitsu and Accenture (5,000 sq m of office space)<\/span>\n\t\t\t\t\t\t<\/a>\n\t\t\t\t\t\t\t\t\t\t\t<a href=\"#\" target=\"\" class=\"fancy-cta-content\">\n\t\t\t\t\t\t\t\t\t\t\t\t\t\t\t<span class=\"fancy-cta-content-before\">2018<\/span>\n\t\t\t\t\t\t\t\t\t\t\t\t\t\t<span class=\"fancy-cta-content-text\">purchase of the first real estate in Great Britain<\/span>\n\t\t\t\t\t\t<\/a>\n\t\t\t\t\t\t\t\t\t\t\t<a href=\"#\" target=\"\" class=\"fancy-cta-content\">\n\t\t\t\t\t\t\t\t\t\t\t\t\t\t\t<span class=\"fancy-cta-content-before\">2019<\/span>\n\t\t\t\t\t\t\t\t\t\t\t\t\t\t<span class=\"fancy-cta-content-text\">purchase of a second property in Great Britain<\/span>\n\t\t\t\t\t\t<\/a>\n\t\t\t\t\t\t\t\t\t\t\t<a href=\"#\" target=\"\" class=\"fancy-cta-content\">\n\t\t\t\t\t\t\t\t\t\t\t\t\t\t\t<span class=\"fancy-cta-content-before\">2019<\/span>\n\t\t\t\t\t\t\t\t\t\t\t\t\t\t<span class=\"fancy-cta-content-text\">exceeding \u00a3 4M of annual Golden Hands turnover<\/span>\n\t\t\t\t\t\t<\/a>\n\t\t\t\t\t\t\t\t\t\t\t<a href=\"#\" target=\"\" class=\"fancy-cta-content\">\n\t\t\t\t\t\t\t\t\t\t\t\t\t\t\t<span class=\"fancy-cta-content-before\">2019<\/span>\n\t\t\t\t\t\t\t\t\t\t\t\t\t\t<span class=\"fancy-cta-content-text\">purchase 60% of shares in a tenement house located in \u0141\u00f3d\u017a, Wojska Polskiego ST , 24 <\/span>\n\t\t\t\t\t\t<\/a>\n\t\t\t\t\t\t\t\t\t\t\t<a href=\"#\" target=\"\" class=\"fancy-cta-content\">\n\t\t\t\t\t\t\t\t\t\t\t\t\t\t\t<span class=\"fancy-cta-content-before\">2019<\/span>\n\t\t\t\t\t\t\t\t\t\t\t\t\t\t<span class=\"fancy-cta-content-text\">fit-out projects for Wienerberger, UNIQA and UPS (7,000 sq m of office space)<\/span>\n\t\t\t\t\t\t<\/a>\n\t\t\t\t\t\t\t\t\t\t\t<a href=\"#\" target=\"\" class=\"fancy-cta-content\">\n\t\t\t\t\t\t\t\t\t\t\t\t\t\t\t<span class=\"fancy-cta-content-before\">2019<\/span>\n\t\t\t\t\t\t\t\t\t\t\t\t\t\t<span class=\"fancy-cta-content-text\">Establishment of ZR Inwestycje LLC; emergence of Z\u0141OTE R\u0118CE GROUP<\/span>\n\t\t\t\t\t\t<\/a>\n\t\t\t\t\t\t\t\t\t\t\t<a href=\"#\" target=\"\" class=\"fancy-cta-content\">\n\t\t\t\t\t\t\t\t\t\t\t\t\t\t\t<span class=\"fancy-cta-content-before\">2020<\/span>\n\t\t\t\t\t\t\t\t\t\t\t\t\t\t<span class=\"fancy-cta-content-text\">purchase of next four properties in Great Britain<\/span>\n\t\t\t\t\t\t<\/a>\n\t\t\t\t\t\t\t\t\t\t\t<a href=\"#\" target=\"\" class=\"fancy-cta-content\">\n\t\t\t\t\t\t\t\t\t\t\t\t\t\t\t<span class=\"fancy-cta-content-before\">2020<\/span>\n\t\t\t\t\t\t\t\t\t\t\t\t\t\t<span class=\"fancy-cta-content-text\">exceeding \u00a3 5M of annual turnover of the Z\u0141OTE R\u0118CE GROUP<\/span>\n\t\t\t\t\t\t<\/a>\n\t\t\t\t\t\t\t\t\t\t\t<a href=\"#\" target=\"\" class=\"fancy-cta-content\">\n\t\t\t\t\t\t\t\t\t\t\t\t\t\t\t<span class=\"fancy-cta-content-before\">2020<\/span>\n\t\t\t\t\t\t\t\t\t\t\t\t\t\t<span class=\"fancy-cta-content-text\">contract for the purchase of 100% shares in a tenement house located in \u0141\u00f3d\u017a, Kopci\u0144skiego ST, 57<\/span>\n\t\t\t\t\t\t<\/a>\n\t\t\t\t\t\t\t\t\t\t\t<a href=\"#\" target=\"\" class=\"fancy-cta-content\">\n\t\t\t\t\t\t\t\t\t\t\t\t\t\t\t<span class=\"fancy-cta-content-before\">2020<\/span>\n\t\t\t\t\t\t\t\t\t\t\t\t\t\t<span class=\"fancy-cta-content-text\">expansion of GOLDeal Ltd activity with multi-sector &quot;Fit-out&quot; works<\/span>\n\t\t\t\t\t\t<\/a>\n\t\t\t\t\t\t\t\t\t\t\t<a href=\"#\" target=\"\" class=\"fancy-cta-content\">\n\t\t\t\t\t\t\t\t\t\t\t\t\t\t\t<span class=\"fancy-cta-content-before\">2020<\/span>\n\t\t\t\t\t\t\t\t\t\t\t\t\t\t<span class=\"fancy-cta-content-text\">construction and fit-out arrangement works as main contractor for NFZ, MOBICA, TAKEDA  (10,000 sq m of office space)<\/span>\n\t\t\t\t\t\t<\/a>\n\t\t\t\t\t\t\t\t\t\t\t<a href=\"#\" target=\"\" class=\"fancy-cta-content\">\n\t\t\t\t\t\t\t\t\t\t\t\t\t\t\t<span class=\"fancy-cta-content-before\">2020<\/span>\n\t\t\t\t\t\t\t\t\t\t\t\t\t\t<span class=\"fancy-cta-content-text\">Establishment of ZR Nieruchomo\u015bci LLC<\/span>\n\t\t\t\t\t\t<\/a>\n\t\t\t\t\t\t\t\t\t\t\t<a href=\"#\" target=\"\" class=\"fancy-cta-content\">\n\t\t\t\t\t\t\t\t\t\t\t\t\t\t\t<span class=\"fancy-cta-content-before\">2021<\/span>\n\t\t\t\t\t\t\t\t\t\t\t\t\t\t<span class=\"fancy-cta-content-text\">purchase of five properties and two investment areas in Great Britain<\/span>\n\t\t\t\t\t\t<\/a>\n\t\t\t\t\t\t\t\t\t\t\t<a href=\"#\" target=\"\" class=\"fancy-cta-content\">\n\t\t\t\t\t\t\t\t\t\t\t\t\t\t\t<span class=\"fancy-cta-content-before\">2021<\/span>\n\t\t\t\t\t\t\t\t\t\t\t\t\t\t<span class=\"fancy-cta-content-text\">purchase 100% of shares in a tenement house located in \u0141\u00f3d\u017a, 7 \u017bytnia ST<\/span>\n\t\t\t\t\t\t<\/a>\n\t\t\t\t\t\t\t\t\t\t\t<a href=\"#\" target=\"\" class=\"fancy-cta-content\">\n\t\t\t\t\t\t\t\t\t\t\t\t\t\t\t<span class=\"fancy-cta-content-before\">2021<\/span>\n\t\t\t\t\t\t\t\t\t\t\t\t\t\t<span class=\"fancy-cta-content-text\">Z\u0142ote R\u0119ce is celebrating its 10th anniversary!<\/span>\n\t\t\t\t\t\t<\/a>\n\t\t\t\t\t\t\t\t\t\t\t<a href=\"#\" target=\"\" class=\"fancy-cta-content\">\n\t\t\t\t\t\t\t\t\t\t\t\t\t\t\t<span class=\"fancy-cta-content-before\">2021<\/span>\n\t\t\t\t\t\t\t\t\t\t\t\t\t\t<span class=\"fancy-cta-content-text\">purchase of a tenement house located in \u0141\u00f3d\u017a, at ul. Romana 12<\/span>\n\t\t\t\t\t\t<\/a>\n\t\t\t\t\t\t\t\t\t\t\t<a href=\"#\" target=\"\" class=\"fancy-cta-content\">\n\t\t\t\t\t\t\t\t\t\t\t\t\t\t\t<span class=\"fancy-cta-content-before\">2021<\/span>\n\t\t\t\t\t\t\t\t\t\t\t\t\t\t<span class=\"fancy-cta-content-text\">The Z\u0142ote R\u0119ce company received the Special Award of the Dobra Firma 2021 plebiscite!<\/span>\n\t\t\t\t\t\t<\/a>\n\t\t\t\t\t\t\t\t\t\t\t<a href=\"#\" target=\"\" class=\"fancy-cta-content\">\n\t\t\t\t\t\t\t\t\t\t\t\t\t\t\t<span class=\"fancy-cta-content-before\">2021<\/span>\n\t\t\t\t\t\t\t\t\t\t\t\t\t\t<span class=\"fancy-cta-content-text\">fit-out projects for Barry Callebaut, Liberty Motors, OKAM, Luppo Puppo, EPP (over 6000 sq m of office space)<\/span>\n\t\t\t\t\t\t<\/a>\n\t\t\t\t\t\t\t\t\t<\/div>\n\t\t\t\t\t<\/div>\n\t<\/div>\n<\/section>\n","protected":false},"excerpt":{"rendered":"<p>According to a study by Edinburgh&#8217;s Heriot-Watt University, Britain is struggling with a housing deficit of 1.2 million households. At the current rate of housing development it will take 15 years to meet the required demand. GOLDeal&#8217;s development mission is to support the British community in the fight against the constant housing deficit. We meet [&hellip;]<\/p>\n","protected":false},"author":3,"featured_media":0,"parent":0,"menu_order":0,"comment_status":"closed","ping_status":"closed","template":"","meta":{"ngg_post_thumbnail":0,"footnotes":""},"class_list":["post-404","page","type-page","status-publish","hentry"],"yoast_head":"<!-- This site is optimized with the Yoast SEO plugin v27.6 - https:\/\/yoast.com\/product\/yoast-seo-wordpress\/ -->\n<title>About Us - GOLDEAL<\/title>\n<meta name=\"robots\" content=\"index, follow, max-snippet:-1, max-image-preview:large, max-video-preview:-1\" \/>\n<link rel=\"canonical\" href=\"https:\/\/goldeal.co.uk\/en\/about-us\/\" \/>\n<meta property=\"og:locale\" content=\"en_US\" \/>\n<meta property=\"og:type\" content=\"article\" \/>\n<meta property=\"og:title\" content=\"About Us - GOLDEAL\" \/>\n<meta property=\"og:description\" content=\"According to a study by Edinburgh&#8217;s Heriot-Watt University, Britain is struggling with a housing deficit of 1.2 million households. At the current rate of housing development it will take 15 years to meet the required demand. GOLDeal&#8217;s development mission is to support the British community in the fight against the constant housing deficit. We meet [&hellip;]\" \/>\n<meta property=\"og:url\" content=\"https:\/\/goldeal.co.uk\/en\/about-us\/\" \/>\n<meta property=\"og:site_name\" content=\"GOLDEAL\" \/>\n<meta property=\"article:modified_time\" content=\"2022-08-16T07:41:23+00:00\" \/>\n<meta name=\"twitter:card\" content=\"summary_large_image\" \/>\n<script type=\"application\/ld+json\" class=\"yoast-schema-graph\">{\"@context\":\"https:\\\/\\\/schema.org\",\"@graph\":[{\"@type\":\"WebPage\",\"@id\":\"https:\\\/\\\/goldeal.co.uk\\\/en\\\/about-us\\\/\",\"url\":\"https:\\\/\\\/goldeal.co.uk\\\/en\\\/about-us\\\/\",\"name\":\"About Us - GOLDEAL\",\"isPartOf\":{\"@id\":\"https:\\\/\\\/goldeal.co.uk\\\/#website\"},\"datePublished\":\"2021-07-27T18:46:37+00:00\",\"dateModified\":\"2022-08-16T07:41:23+00:00\",\"breadcrumb\":{\"@id\":\"https:\\\/\\\/goldeal.co.uk\\\/en\\\/about-us\\\/#breadcrumb\"},\"inLanguage\":\"en-US\",\"potentialAction\":[{\"@type\":\"ReadAction\",\"target\":[\"https:\\\/\\\/goldeal.co.uk\\\/en\\\/about-us\\\/\"]}]},{\"@type\":\"BreadcrumbList\",\"@id\":\"https:\\\/\\\/goldeal.co.uk\\\/en\\\/about-us\\\/#breadcrumb\",\"itemListElement\":[{\"@type\":\"ListItem\",\"position\":1,\"name\":\"Strona g\u0142\u00f3wna\",\"item\":\"https:\\\/\\\/goldeal.co.uk\\\/en\\\/\"},{\"@type\":\"ListItem\",\"position\":2,\"name\":\"About Us\"}]},{\"@type\":\"WebSite\",\"@id\":\"https:\\\/\\\/goldeal.co.uk\\\/#website\",\"url\":\"https:\\\/\\\/goldeal.co.uk\\\/\",\"name\":\"GOLDEAL\",\"description\":\"\",\"publisher\":{\"@id\":\"https:\\\/\\\/goldeal.co.uk\\\/#organization\"},\"potentialAction\":[{\"@type\":\"SearchAction\",\"target\":{\"@type\":\"EntryPoint\",\"urlTemplate\":\"https:\\\/\\\/goldeal.co.uk\\\/?s={search_term_string}\"},\"query-input\":{\"@type\":\"PropertyValueSpecification\",\"valueRequired\":true,\"valueName\":\"search_term_string\"}}],\"inLanguage\":\"en-US\"},{\"@type\":\"Organization\",\"@id\":\"https:\\\/\\\/goldeal.co.uk\\\/#organization\",\"name\":\"GOLDeal\",\"url\":\"https:\\\/\\\/goldeal.co.uk\\\/\",\"logo\":{\"@type\":\"ImageObject\",\"inLanguage\":\"en-US\",\"@id\":\"https:\\\/\\\/goldeal.co.uk\\\/#\\\/schema\\\/logo\\\/image\\\/\",\"url\":\"https:\\\/\\\/goldeal.co.uk\\\/wp-content\\\/uploads\\\/2021\\\/07\\\/goldeal-logo.svg\",\"contentUrl\":\"https:\\\/\\\/goldeal.co.uk\\\/wp-content\\\/uploads\\\/2021\\\/07\\\/goldeal-logo.svg\",\"width\":1,\"height\":1,\"caption\":\"GOLDeal\"},\"image\":{\"@id\":\"https:\\\/\\\/goldeal.co.uk\\\/#\\\/schema\\\/logo\\\/image\\\/\"}}]}<\/script>\n<!-- \/ Yoast SEO plugin. -->","yoast_head_json":{"title":"About Us - GOLDEAL","robots":{"index":"index","follow":"follow","max-snippet":"max-snippet:-1","max-image-preview":"max-image-preview:large","max-video-preview":"max-video-preview:-1"},"canonical":"https:\/\/goldeal.co.uk\/en\/about-us\/","og_locale":"en_US","og_type":"article","og_title":"About Us - GOLDEAL","og_description":"According to a study by Edinburgh&#8217;s Heriot-Watt University, Britain is struggling with a housing deficit of 1.2 million households. At the current rate of housing development it will take 15 years to meet the required demand. GOLDeal&#8217;s development mission is to support the British community in the fight against the constant housing deficit. We meet [&hellip;]","og_url":"https:\/\/goldeal.co.uk\/en\/about-us\/","og_site_name":"GOLDEAL","article_modified_time":"2022-08-16T07:41:23+00:00","twitter_card":"summary_large_image","schema":{"@context":"https:\/\/schema.org","@graph":[{"@type":"WebPage","@id":"https:\/\/goldeal.co.uk\/en\/about-us\/","url":"https:\/\/goldeal.co.uk\/en\/about-us\/","name":"About Us - GOLDEAL","isPartOf":{"@id":"https:\/\/goldeal.co.uk\/#website"},"datePublished":"2021-07-27T18:46:37+00:00","dateModified":"2022-08-16T07:41:23+00:00","breadcrumb":{"@id":"https:\/\/goldeal.co.uk\/en\/about-us\/#breadcrumb"},"inLanguage":"en-US","potentialAction":[{"@type":"ReadAction","target":["https:\/\/goldeal.co.uk\/en\/about-us\/"]}]},{"@type":"BreadcrumbList","@id":"https:\/\/goldeal.co.uk\/en\/about-us\/#breadcrumb","itemListElement":[{"@type":"ListItem","position":1,"name":"Strona g\u0142\u00f3wna","item":"https:\/\/goldeal.co.uk\/en\/"},{"@type":"ListItem","position":2,"name":"About Us"}]},{"@type":"WebSite","@id":"https:\/\/goldeal.co.uk\/#website","url":"https:\/\/goldeal.co.uk\/","name":"GOLDEAL","description":"","publisher":{"@id":"https:\/\/goldeal.co.uk\/#organization"},"potentialAction":[{"@type":"SearchAction","target":{"@type":"EntryPoint","urlTemplate":"https:\/\/goldeal.co.uk\/?s={search_term_string}"},"query-input":{"@type":"PropertyValueSpecification","valueRequired":true,"valueName":"search_term_string"}}],"inLanguage":"en-US"},{"@type":"Organization","@id":"https:\/\/goldeal.co.uk\/#organization","name":"GOLDeal","url":"https:\/\/goldeal.co.uk\/","logo":{"@type":"ImageObject","inLanguage":"en-US","@id":"https:\/\/goldeal.co.uk\/#\/schema\/logo\/image\/","url":"https:\/\/goldeal.co.uk\/wp-content\/uploads\/2021\/07\/goldeal-logo.svg","contentUrl":"https:\/\/goldeal.co.uk\/wp-content\/uploads\/2021\/07\/goldeal-logo.svg","width":1,"height":1,"caption":"GOLDeal"},"image":{"@id":"https:\/\/goldeal.co.uk\/#\/schema\/logo\/image\/"}}]}},"_links":{"self":[{"href":"https:\/\/goldeal.co.uk\/en\/wp-json\/wp\/v2\/pages\/404","targetHints":{"allow":["GET"]}}],"collection":[{"href":"https:\/\/goldeal.co.uk\/en\/wp-json\/wp\/v2\/pages"}],"about":[{"href":"https:\/\/goldeal.co.uk\/en\/wp-json\/wp\/v2\/types\/page"}],"author":[{"embeddable":true,"href":"https:\/\/goldeal.co.uk\/en\/wp-json\/wp\/v2\/users\/3"}],"replies":[{"embeddable":true,"href":"https:\/\/goldeal.co.uk\/en\/wp-json\/wp\/v2\/comments?post=404"}],"version-history":[{"count":49,"href":"https:\/\/goldeal.co.uk\/en\/wp-json\/wp\/v2\/pages\/404\/revisions"}],"predecessor-version":[{"id":2178,"href":"https:\/\/goldeal.co.uk\/en\/wp-json\/wp\/v2\/pages\/404\/revisions\/2178"}],"wp:attachment":[{"href":"https:\/\/goldeal.co.uk\/en\/wp-json\/wp\/v2\/media?parent=404"}],"curies":[{"name":"wp","href":"https:\/\/api.w.org\/{rel}","templated":true}]}}